{"id":1656,"date":"2016-06-20T23:11:03","date_gmt":"2016-06-20T23:11:03","guid":{"rendered":"https:\/\/demo05.houzez.co\/?page_id=1656"},"modified":"2024-11-25T17:30:42","modified_gmt":"2024-11-25T14:30:42","slug":"about-us","status":"publish","type":"page","link":"https:\/\/trglobalestate.com\/index.php\/about-us\/","title":{"rendered":"Hakk\u0131m\u0131zda"},"content":{"rendered":"\t\t<div data-elementor-type=\"wp-post\" data-elementor-id=\"1656\" class=\"elementor elementor-1656\">\n\t\t\t\t\t\t<section class=\"elementor-section elementor-top-section elementor-element elementor-element-10995d7 elementor-section-boxed elementor-section-height-default elementor-section-height-default elementor-invisible\" data-id=\"10995d7\" data-element_type=\"section\" data-settings=\"{&quot;animation&quot;:&quot;fadeIn&quot;}\">\n\t\t\t\t\t\t<div class=\"elementor-container elementor-column-gap-default\">\n\t\t\t\t\t<div class=\"elementor-column elementor-col-100 elementor-top-column elementor-element elementor-element-a1e598a\" data-id=\"a1e598a\" data-element_type=\"column\">\n\t\t\t<div class=\"elementor-widget-wrap elementor-element-populated\">\n\t\t\t\t\t\t<div class=\"elementor-element elementor-element-c32c709 elementor-widget elementor-widget-houzez_elementor_space\" data-id=\"c32c709\" data-element_type=\"widget\" data-widget_type=\"houzez_elementor_space.default\">\n\t\t\t\t<div class=\"elementor-widget-container\">\n\t\t\t\t\t        <div class=\"houzez-spacer\">\n            <div class=\"houzez-spacer-inner\"><\/div>\n        <\/div>\n        \t\t\t\t<\/div>\n\t\t\t\t<\/div>\n\t\t\t\t\t<\/div>\n\t\t<\/div>\n\t\t\t\t\t<\/div>\n\t\t<\/section>\n\t\t\t\t<section class=\"elementor-section elementor-top-section elementor-element elementor-element-1f37752 elementor-section-stretched elementor-section-boxed elementor-section-height-default elementor-section-height-default elementor-invisible\" data-id=\"1f37752\" data-element_type=\"section\" data-settings=\"{&quot;stretch_section&quot;:&quot;section-stretched&quot;,&quot;background_background&quot;:&quot;classic&quot;,&quot;animation&quot;:&quot;fadeIn&quot;}\">\n\t\t\t\t\t\t<div class=\"elementor-container elementor-column-gap-default\">\n\t\t\t\t\t<div class=\"elementor-column elementor-col-100 elementor-top-column elementor-element elementor-element-2749fad\" data-id=\"2749fad\" data-element_type=\"column\">\n\t\t\t<div class=\"elementor-widget-wrap elementor-element-populated\">\n\t\t\t\t\t\t<div class=\"elementor-element elementor-element-731a2b1 animated-slow elementor-invisible elementor-widget elementor-widget-houzez_elementor_icon_box\" data-id=\"731a2b1\" data-element_type=\"widget\" data-settings=\"{&quot;_animation&quot;:&quot;fadeIn&quot;}\" data-widget_type=\"houzez_elementor_icon_box.default\">\n\t\t\t\t<div class=\"elementor-widget-container\">\n\t\t\t\t\t\n        <div class=\"text-with-icons-module module-3cols clearfix\">\n            \n                    <div class=\"text-with-icon-item text-with-icon-item-v2\">\n                        <div class=\"d-flex\">\n                            <div class=\"icon-thumb\">\n                                <img decoding=\"async\" width=\"60\" height=\"60\" src=\"https:\/\/trglobalestate.com\/wp-content\/uploads\/2019\/03\/people.png\" class=\"attachment-thumbnail size-thumbnail\" alt=\"\" \/>                            <\/div><!-- icon-thumb -->\n                            <div class=\"text-with-icon-content-wrap flex-grow-1\">\n                                <div class=\"text-with-icon-info\">\n                                    <div class=\"text-with-icon-title\">\n                                        <strong>Sat\u0131l\u0131k ve Kiral\u0131k Portf\u00f6y Y\u00f6netimi<\/strong>\n                                    <\/div><!-- text-with-icon-title -->\n                                    <div class=\"text-with-icon-body\">\n                                        Satmak veya kiraya vermek istedi\u011finiz gayirmenkulleriniz i\u00e7in profesyonel destek hizmeti, pazarl\u0131k s\u00fcrecinin y\u00f6netilmesi ve resmi i\u015flerin takibi.                                    <\/div><!-- text-with-icon-body -->\n                                <\/div><!-- text-with-icon-info -->\n                                \n                                                                    <div class=\"text-with-icon-link\">\n                                    <a href=\"#\"  ><\/a>\n                                    <\/div>\n                                \n                            <\/div><!-- text-with-icon-content-wrap -->\n                        <\/div><!-- d-flex -->\n                    <\/div><!-- text-with-icon-item  -->\n\n            \n                    <div class=\"text-with-icon-item text-with-icon-item-v2\">\n                        <div class=\"d-flex\">\n                            <div class=\"icon-thumb\">\n                                <img decoding=\"async\" width=\"60\" height=\"60\" src=\"https:\/\/trglobalestate.com\/wp-content\/uploads\/2019\/03\/donut-chart-1.png\" class=\"attachment-thumbnail size-thumbnail\" alt=\"\" \/>                            <\/div><!-- icon-thumb -->\n                            <div class=\"text-with-icon-content-wrap flex-grow-1\">\n                                <div class=\"text-with-icon-info\">\n                                    <div class=\"text-with-icon-title\">\n                                        <strong>Yat\u0131r\u0131m Dan\u0131\u015fmanl\u0131\u011f\u0131<\/strong>\n                                    <\/div><!-- text-with-icon-title -->\n                                    <div class=\"text-with-icon-body\">\n                                        Ekibimiz, gayrimenkul yat\u0131r\u0131mlar\u0131n\u0131z\u0131 en k\u00e2rl\u0131 \u015fekilde y\u00f6nlendirebilmeniz i\u00e7in kapsaml\u0131 analizler ve stratejik dan\u0131\u015fmanl\u0131k hizmetleri sunar.\n                                    <\/div><!-- text-with-icon-body -->\n                                <\/div><!-- text-with-icon-info -->\n                                \n                                                                    <div class=\"text-with-icon-link\">\n                                    <a href=\"#\"  ><\/a>\n                                    <\/div>\n                                \n                            <\/div><!-- text-with-icon-content-wrap -->\n                        <\/div><!-- d-flex -->\n                    <\/div><!-- text-with-icon-item  -->\n\n            \n                    <div class=\"text-with-icon-item text-with-icon-item-v2\">\n                        <div class=\"d-flex\">\n                            <div class=\"icon-thumb\">\n                                <img decoding=\"async\" width=\"59\" height=\"60\" src=\"https:\/\/trglobalestate.com\/wp-content\/uploads\/2019\/03\/bar-chart-stats-up.png\" class=\"attachment-thumbnail size-thumbnail\" alt=\"\" \/>                            <\/div><!-- icon-thumb -->\n                            <div class=\"text-with-icon-content-wrap flex-grow-1\">\n                                <div class=\"text-with-icon-info\">\n                                    <div class=\"text-with-icon-title\">\n                                        <strong>Do\u011fru Fiyat Ara\u015ft\u0131rmas\u0131<\/strong>\n                                    <\/div><!-- text-with-icon-title -->\n                                    <div class=\"text-with-icon-body\">\n                                        Gayrimenkul\u00fcn\u00fcz\u00fcn ger\u00e7ek piyasa de\u011ferini belirleyebilmeniz i\u00e7in profesyonel de\u011ferleme hizmetleri sunuyoruz. Do\u011fru fiyatland\u0131rma ile en y\u00fcksek getiriyi elde etmenize yard\u0131mc\u0131 oluyoruz.                                    <\/div><!-- text-with-icon-body -->\n                                <\/div><!-- text-with-icon-info -->\n                                \n                                                                    <div class=\"text-with-icon-link\">\n                                    <a href=\"#\"  ><\/a>\n                                    <\/div>\n                                \n                            <\/div><!-- text-with-icon-content-wrap -->\n                        <\/div><!-- d-flex -->\n                    <\/div><!-- text-with-icon-item  -->\n\n            \n                    <div class=\"text-with-icon-item text-with-icon-item-v2\">\n                        <div class=\"d-flex\">\n                            <div class=\"icon-thumb\">\n                                <img loading=\"lazy\" decoding=\"async\" width=\"60\" height=\"57\" src=\"https:\/\/trglobalestate.com\/wp-content\/uploads\/2019\/03\/shacking-hands.png\" class=\"attachment-thumbnail size-thumbnail\" alt=\"\" \/>                            <\/div><!-- icon-thumb -->\n                            <div class=\"text-with-icon-content-wrap flex-grow-1\">\n                                <div class=\"text-with-icon-info\">\n                                    <div class=\"text-with-icon-title\">\n                                        <strong>Yurtd\u0131\u015f\u0131 Yat\u0131r\u0131m Hizmetleri<\/strong>\n                                    <\/div><!-- text-with-icon-title -->\n                                    <div class=\"text-with-icon-body\">\n                                        KKTC, Dubai ve Miami rotalar\u0131nda, sitemize de eklemi\u015f oldu\u011fumuz karl\u0131 projeler i\u00e7in dan\u0131\u015fmanl\u0131k hizmeti vermekteyiz.                                    <\/div><!-- text-with-icon-body -->\n                                <\/div><!-- text-with-icon-info -->\n                                \n                                                                    <div class=\"text-with-icon-link\">\n                                    <a href=\"#\"  ><\/a>\n                                    <\/div>\n                                \n                            <\/div><!-- text-with-icon-content-wrap -->\n                        <\/div><!-- d-flex -->\n                    <\/div><!-- text-with-icon-item  -->\n\n            \n                    <div class=\"text-with-icon-item text-with-icon-item-v2\">\n                        <div class=\"d-flex\">\n                            <div class=\"icon-thumb\">\n                                <img loading=\"lazy\" decoding=\"async\" width=\"60\" height=\"60\" src=\"https:\/\/trglobalestate.com\/wp-content\/uploads\/2019\/03\/bar-chart-board.png\" class=\"attachment-thumbnail size-thumbnail\" alt=\"\" \/>                            <\/div><!-- icon-thumb -->\n                            <div class=\"text-with-icon-content-wrap flex-grow-1\">\n                                <div class=\"text-with-icon-info\">\n                                    <div class=\"text-with-icon-title\">\n                                        <strong>Sat\u0131\u015f ve Pazarlama<\/strong>\n                                    <\/div><!-- text-with-icon-title -->\n                                    <div class=\"text-with-icon-body\">\n                                        M\u00fclk\u00fcn\u00fcz\u00fc en h\u0131zl\u0131 ve en etkili \u015fekilde satman\u0131z veya kiralaman\u0131z i\u00e7in yenilik\u00e7i pazarlama stratejileri ve geni\u015f m\u00fc\u015fteri a\u011f\u0131m\u0131zla hizmetinizdeyiz.                                    <\/div><!-- text-with-icon-body -->\n                                <\/div><!-- text-with-icon-info -->\n                                \n                                                                    <div class=\"text-with-icon-link\">\n                                    <a href=\"#\"  ><\/a>\n                                    <\/div>\n                                \n                            <\/div><!-- text-with-icon-content-wrap -->\n                        <\/div><!-- d-flex -->\n                    <\/div><!-- text-with-icon-item  -->\n\n            \n                    <div class=\"text-with-icon-item text-with-icon-item-v2\">\n                        <div class=\"d-flex\">\n                            <div class=\"icon-thumb\">\n                                <img loading=\"lazy\" decoding=\"async\" width=\"60\" height=\"54\" src=\"https:\/\/trglobalestate.com\/wp-content\/uploads\/2019\/03\/balance.png\" class=\"attachment-thumbnail size-thumbnail\" alt=\"\" \/>                            <\/div><!-- icon-thumb -->\n                            <div class=\"text-with-icon-content-wrap flex-grow-1\">\n                                <div class=\"text-with-icon-info\">\n                                    <div class=\"text-with-icon-title\">\n                                        <strong>Hukuki Dan\u0131\u015fmanl\u0131k<\/strong>\n                                    <\/div><!-- text-with-icon-title -->\n                                    <div class=\"text-with-icon-body\">\n                                        Gayrimenkul i\u015flemlerinizde kar\u015f\u0131la\u015fabilece\u011finiz t\u00fcm hukuki s\u00fcre\u00e7lerde uzman ekibimizle yan\u0131n\u0131zday\u0131z. Tapu i\u015flemleri, s\u00f6zle\u015fme haz\u0131rlama ve m\u00fclkiyet haklar\u0131 konular\u0131nda destek sa\u011fl\u0131yoruz.                                    <\/div><!-- text-with-icon-body -->\n                                <\/div><!-- text-with-icon-info -->\n                                \n                                                                    <div class=\"text-with-icon-link\">\n                                    <a href=\"#\"  ><\/a>\n                                    <\/div>\n                                \n                            <\/div><!-- text-with-icon-content-wrap -->\n                        <\/div><!-- d-flex -->\n                    <\/div><!-- text-with-icon-item  -->\n\n                    <\/div>\n    \t\t\t\t<\/div>\n\t\t\t\t<\/div>\n\t\t\t\t<div class=\"elementor-element elementor-element-556a105 elementor-widget elementor-widget-houzez_elementor_space\" data-id=\"556a105\" data-element_type=\"widget\" data-widget_type=\"houzez_elementor_space.default\">\n\t\t\t\t<div class=\"elementor-widget-container\">\n\t\t\t\t\t        <div class=\"houzez-spacer\">\n            <div class=\"houzez-spacer-inner\"><\/div>\n        <\/div>\n        \t\t\t\t<\/div>\n\t\t\t\t<\/div>\n\t\t\t\t<div class=\"elementor-element elementor-element-4b34a85 animated-slow elementor-invisible elementor-widget elementor-widget-houzez_elementor_section_title\" data-id=\"4b34a85\" data-element_type=\"widget\" data-settings=\"{&quot;_animation&quot;:&quot;fadeIn&quot;}\" data-widget_type=\"houzez_elementor_section_title.default\">\n\t\t\t\t<div class=\"elementor-widget-container\">\n\t\t\t\t\t            <div class=\"houzez_section_title_wrap section-title-module\">\n                                    <h2 class=\"houzez_section_title\">Blogumuzdan<\/h2>\n                \n                                    <p class=\"houzez_section_subtitle\">Size faydal\u0131 olabilece\u011finiz d\u00fc\u015f\u00fcnd\u00fc\u011f\u00fcm\u00fcz Blog sayfam\u0131z\u0131 takip edebilirsiniz.<\/p>\n                            <\/div>\n            \t\t\t\t<\/div>\n\t\t\t\t<\/div>\n\t\t\t\t<div class=\"elementor-element elementor-element-0b58b8d elementor-widget elementor-widget-houzez_elementor_space\" data-id=\"0b58b8d\" data-element_type=\"widget\" data-widget_type=\"houzez_elementor_space.default\">\n\t\t\t\t<div class=\"elementor-widget-container\">\n\t\t\t\t\t        <div class=\"houzez-spacer\">\n            <div class=\"houzez-spacer-inner\"><\/div>\n        <\/div>\n        \t\t\t\t<\/div>\n\t\t\t\t<\/div>\n\t\t\t\t<div class=\"elementor-element elementor-element-e7776c5 elementor-widget elementor-widget-houzez_elementor_blog_posts\" data-id=\"e7776c5\" data-element_type=\"widget\" data-widget_type=\"houzez_elementor_blog_posts.default\">\n\t\t\t\t<div class=\"elementor-widget-container\">\n\t\t\t\t\t\n        <div class=\"blog-posts-module blog-posts-module-v2\">\n            <div class=\"row module-row\">\n                                    <div class=\"col-lg-3 col-md-6\">\n                        <div id=\"post-4569\" class=\"blog-post-item blog-post-item-v2 post-4569 post type-post status-publish format-standard hentry category-genel\">\n\t\n\t\n\t<div class=\"blog-post-content-wrap with-no-author\">\n\t\t<div class=\"blog-post-meta\">\n\t\t\t<ul class=\"list-inline\">\n\t\t\t\t\n\t\t\t\t\t\t\t\t<li class=\"list-inline-item\">\n\t\t\t\t\t<i class=\"houzez-icon icon-tags mr-1\"><\/i> <a href=\"https:\/\/trglobalestate.com\/index.php\/category\/genel\/\" rel=\"category tag\">Genel<\/a>\t\t\t\t<\/li>\n\t\t\t\t\t\t\t<\/ul>\n\t\t<\/div><!-- blog-post-meta -->\n\t\t<div class=\"blog-post-title\">\n\t\t\t<h3><a href=\"https:\/\/trglobalestate.com\/index.php\/2025\/03\/24\/gayrimenkul-yatirimi-ve-menkul-kiymet-yatirimi-arasindaki-farklar\/\">Gayrimenkul Yat\u0131r\u0131m\u0131 ve Menkul K\u0131ymet Yat\u0131r\u0131m\u0131 Aras\u0131ndaki Farklar<\/a><\/h3>\n\t\t<\/div><!-- blog-post-title -->\n\t<\/div><!-- blog-post-content-wrap -->\n\t<\/div><!-- blog-post-item -->                    <\/div>\n                                    <div class=\"col-lg-3 col-md-6\">\n                        <div id=\"post-4551\" class=\"blog-post-item blog-post-item-v2 post-4551 post type-post status-publish format-standard hentry category-genel\">\n\t\n\t\n\t<div class=\"blog-post-content-wrap with-no-author\">\n\t\t<div class=\"blog-post-meta\">\n\t\t\t<ul class=\"list-inline\">\n\t\t\t\t\n\t\t\t\t\t\t\t\t<li class=\"list-inline-item\">\n\t\t\t\t\t<i class=\"houzez-icon icon-tags mr-1\"><\/i> <a href=\"https:\/\/trglobalestate.com\/index.php\/category\/genel\/\" rel=\"category tag\">Genel<\/a>\t\t\t\t<\/li>\n\t\t\t\t\t\t\t<\/ul>\n\t\t<\/div><!-- blog-post-meta -->\n\t\t<div class=\"blog-post-title\">\n\t\t\t<h3><a href=\"https:\/\/trglobalestate.com\/index.php\/2025\/01\/16\/dubaide-gayrimenkul-satin-alirken-dikkat-edilmesi-gerekenler\/\">Dubai\u2019de Gayrimenkul Sat\u0131n Al\u0131rken Dikkat Edilmesi Gerekenler<\/a><\/h3>\n\t\t<\/div><!-- blog-post-title -->\n\t<\/div><!-- blog-post-content-wrap -->\n\t<\/div><!-- blog-post-item -->                    <\/div>\n                                    <div class=\"col-lg-3 col-md-6\">\n                        <div id=\"post-4548\" class=\"blog-post-item blog-post-item-v2 post-4548 post type-post status-publish format-standard hentry category-genel\">\n\t\n\t\n\t<div class=\"blog-post-content-wrap with-no-author\">\n\t\t<div class=\"blog-post-meta\">\n\t\t\t<ul class=\"list-inline\">\n\t\t\t\t\n\t\t\t\t\t\t\t\t<li class=\"list-inline-item\">\n\t\t\t\t\t<i class=\"houzez-icon icon-tags mr-1\"><\/i> <a href=\"https:\/\/trglobalestate.com\/index.php\/category\/genel\/\" rel=\"category tag\">Genel<\/a>\t\t\t\t<\/li>\n\t\t\t\t\t\t\t<\/ul>\n\t\t<\/div><!-- blog-post-meta -->\n\t\t<div class=\"blog-post-title\">\n\t\t\t<h3><a href=\"https:\/\/trglobalestate.com\/index.php\/2025\/01\/16\/yeni-satin-alinmis-bir-evde-kiracinin-tahliyesi-nasil-saglanir\/\">Yeni Sat\u0131n Al\u0131nm\u0131\u015f Bir Evde Kirac\u0131n\u0131n Tahliyesi Nas\u0131l Sa\u011flan\u0131r?<\/a><\/h3>\n\t\t<\/div><!-- blog-post-title -->\n\t<\/div><!-- blog-post-content-wrap -->\n\t<\/div><!-- blog-post-item -->                    <\/div>\n                                    <div class=\"col-lg-3 col-md-6\">\n                        <div id=\"post-4546\" class=\"blog-post-item blog-post-item-v2 post-4546 post type-post status-publish format-standard hentry category-genel\">\n\t\n\t\n\t<div class=\"blog-post-content-wrap with-no-author\">\n\t\t<div class=\"blog-post-meta\">\n\t\t\t<ul class=\"list-inline\">\n\t\t\t\t\n\t\t\t\t\t\t\t\t<li class=\"list-inline-item\">\n\t\t\t\t\t<i class=\"houzez-icon icon-tags mr-1\"><\/i> <a href=\"https:\/\/trglobalestate.com\/index.php\/category\/genel\/\" rel=\"category tag\">Genel<\/a>\t\t\t\t<\/li>\n\t\t\t\t\t\t\t<\/ul>\n\t\t<\/div><!-- blog-post-meta -->\n\t\t<div class=\"blog-post-title\">\n\t\t\t<h3><a href=\"https:\/\/trglobalestate.com\/index.php\/2025\/01\/16\/ipotekli-gayrimenkul-satislarinda-dikkat-edilmesi-gerekenler\/\">\u0130potekli Gayrimenkul Sat\u0131\u015flar\u0131nda Dikkat Edilmesi Gerekenler<\/a><\/h3>\n\t\t<\/div><!-- blog-post-title -->\n\t<\/div><!-- blog-post-content-wrap -->\n\t<\/div><!-- blog-post-item -->                    <\/div>\n                            <\/div>\n        <\/div>\n\n        \t\t\t\t<\/div>\n\t\t\t\t<\/div>\n\t\t\t\t\t<\/div>\n\t\t<\/div>\n\t\t\t\t\t<\/div>\n\t\t<\/section>\n\t\t\t\t<\/div>\n\t\t","protected":false},"excerpt":{"rendered":"<p>Sat\u0131l\u0131k ve Kiral\u0131k Portf\u00f6y Y\u00f6netimi Satmak veya kiraya vermek istedi\u011finiz gayirmenkulleriniz i\u00e7in profesyonel destek hizmeti, pazarl\u0131k s\u00fcrecinin y\u00f6netilmesi ve resmi i\u015flerin takibi. Yat\u0131r\u0131m Dan\u0131\u015fmanl\u0131\u011f\u0131 Ekibimiz, gayrimenkul yat\u0131r\u0131mlar\u0131n\u0131z\u0131 en k\u00e2rl\u0131 \u015fekilde y\u00f6nlendirebilmeniz i\u00e7in kapsaml\u0131 analizler ve stratejik dan\u0131\u015fmanl\u0131k hizmetleri sunar. Do\u011fru Fiyat Ara\u015ft\u0131rmas\u0131 Gayrimenkul\u00fcn\u00fcz\u00fcn ger\u00e7ek piyasa de\u011ferini belirleyebilmeniz i\u00e7in profesyonel de\u011ferleme hizmetleri sunuyoruz. Do\u011fru fiyatland\u0131rma ile [&hellip;]<\/p>\n","protected":false},"author":1,"featured_media":0,"parent":0,"menu_order":0,"comment_status":"closed","ping_status":"closed","template":"elementor_header_footer","meta":{"footnotes":""},"class_list":["post-1656","page","type-page","status-publish","hentry"],"_links":{"self":[{"href":"https:\/\/trglobalestate.com\/index.php\/wp-json\/wp\/v2\/pages\/1656","targetHints":{"allow":["GET"]}}],"collection":[{"href":"https:\/\/trglobalestate.com\/index.php\/wp-json\/wp\/v2\/pages"}],"about":[{"href":"https:\/\/trglobalestate.com\/index.php\/wp-json\/wp\/v2\/types\/page"}],"author":[{"embeddable":true,"href":"https:\/\/trglobalestate.com\/index.php\/wp-json\/wp\/v2\/users\/1"}],"replies":[{"embeddable":true,"href":"https:\/\/trglobalestate.com\/index.php\/wp-json\/wp\/v2\/comments?post=1656"}],"version-history":[{"count":17,"href":"https:\/\/trglobalestate.com\/index.php\/wp-json\/wp\/v2\/pages\/1656\/revisions"}],"predecessor-version":[{"id":4286,"href":"https:\/\/trglobalestate.com\/index.php\/wp-json\/wp\/v2\/pages\/1656\/revisions\/4286"}],"wp:attachment":[{"href":"https:\/\/trglobalestate.com\/index.php\/wp-json\/wp\/v2\/media?parent=1656"}],"curies":[{"name":"wp","href":"https:\/\/api.w.org\/{rel}","templated":true}]}}