{"id":4555,"date":"2025-02-20T20:28:24","date_gmt":"2025-02-20T17:28:24","guid":{"rendered":"https:\/\/trglobalestate.com\/?page_id=4555"},"modified":"2025-02-20T21:07:38","modified_gmt":"2025-02-20T18:07:38","slug":"trglobal-lifestyle","status":"publish","type":"page","link":"https:\/\/trglobalestate.com\/index.php\/trglobal-lifestyle\/","title":{"rendered":"TRGLOBAL LIFESTYLE"},"content":{"rendered":"\n<p>T\u00fcrkiye, zengin k\u00fclt\u00fcrel miras\u0131 ve e\u015fsiz co\u011frafi konumuyla hem modern hem de geleneksel ya\u015fam alanlar\u0131na ilham veren bir \u00fclke. \u015e\u0131k bir evde ya\u015famak, sadece estetik bir tercih de\u011fil, ayn\u0131 zamanda ruhu besleyen bir ya\u015fam tarz\u0131d\u0131r. Bu yaz\u0131da, evinizi hem g\u00f6z al\u0131c\u0131 hem de i\u015flevsel hale getirecek stil \u00f6nerilerini payla\u015faca\u011f\u0131z.<\/p>\n\n\n\n<p>\u0130\u015fte \u00f6rnekleriyle ilham alabilece\u011finiz \u00f6nerilerimiz&#8230;.<\/p>\n\n\n\n<p><strong> 1. Do\u011fal ve S\u0131cak Tonlarla Minimalist \u015e\u0131kl\u0131k<\/strong><\/p>\n\n\n\n<p>Minimalizm, son y\u0131llarda T\u00fcrkiye\u2019de de pop\u00fcler hale geldi. Ah\u015fap mobilyalar, bej, toprak tonlar\u0131 ve beyaz\u0131n h\u00e2kim oldu\u011fu bir dekorasyon, hem ferah hem de \u015f\u0131k bir atmosfer yarat\u0131r. \u00d6rne\u011fin, a\u00e7\u0131k renk bir ah\u015fap yemek masas\u0131, \u00fczerine yerle\u015ftirilmi\u015f keten bir masa \u00f6rt\u00fcs\u00fc ve birka\u00e7 seramik vazo ile tamamlanabilir.<\/p>\n\n\n\n<p>\u0130\u015fte size minimalist tarzda dekore edilmi\u015f \u015f\u0131k bir ya\u015fam alan\u0131 \u00f6rne\u011fi<\/p>\n\n\n\n<figure class=\"wp-block-embed is-type-video is-provider-youtube wp-block-embed-youtube wp-embed-aspect-16-9 wp-has-aspect-ratio\"><div class=\"wp-block-embed__wrapper\">\n<iframe title=\"Minimalist House Tour \u2728 Our Simplified Family Home\" width=\"1170\" height=\"658\" src=\"https:\/\/www.youtube.com\/embed\/5UPBNCihlls?feature=oembed\" frameborder=\"0\" allow=\"accelerometer; autoplay; clipboard-write; encrypted-media; gyroscope; picture-in-picture; web-share\" referrerpolicy=\"strict-origin-when-cross-origin\" allowfullscreen><\/iframe>\n<\/div><\/figure>\n\n\n\n<p><strong>2. T\u00fcrk K\u00fclt\u00fcr\u00fcnden \u0130lham Alan Detaylar<\/strong><\/p>\n\n\n\n<p>Evinize T\u00fcrk k\u00fclt\u00fcr\u00fcne \u00f6zg\u00fc dokunu\u015flar eklemek, hem nostaljik hem de sofistike bir hava katar. El dokumas\u0131 kilimler, bak\u0131r i\u015flemeli aksesuarlar veya \u00e7ini desenli seramikler bu tarz\u0131n vazge\u00e7ilmezleri. Mesela, modern bir koltu\u011fun yan\u0131na yerle\u015ftirilmi\u015f otantik bir kilim, kontrast\u0131yla g\u00f6z kama\u015ft\u0131r\u0131r.<\/p>\n\n\n\n<figure class=\"wp-block-image size-full\"><img fetchpriority=\"high\" decoding=\"async\" width=\"1024\" height=\"768\" src=\"https:\/\/trglobalestate.com\/wp-content\/uploads\/2025\/02\/image-88.jpg\" alt=\"\" class=\"wp-image-4561\" srcset=\"https:\/\/trglobalestate.com\/wp-content\/uploads\/2025\/02\/image-88.jpg 1024w, https:\/\/trglobalestate.com\/wp-content\/uploads\/2025\/02\/image-88-300x225.jpg 300w, https:\/\/trglobalestate.com\/wp-content\/uploads\/2025\/02\/image-88-768x576.jpg 768w, https:\/\/trglobalestate.com\/wp-content\/uploads\/2025\/02\/image-88-592x444.jpg 592w, https:\/\/trglobalestate.com\/wp-content\/uploads\/2025\/02\/image-88-584x438.jpg 584w, https:\/\/trglobalestate.com\/wp-content\/uploads\/2025\/02\/image-88-800x600.jpg 800w, https:\/\/trglobalestate.com\/wp-content\/uploads\/2025\/02\/image-88-120x90.jpg 120w, https:\/\/trglobalestate.com\/wp-content\/uploads\/2025\/02\/image-88-496x372.jpg 496w\" sizes=\"(max-width: 1024px) 100vw, 1024px\" \/><\/figure>\n\n\n\n<p><strong>3. Do\u011fayla \u0130\u00e7 \u0130\u00e7e: Ye\u015fil ve Canl\u0131 Bitkiler<\/strong><\/p>\n\n\n\n<p>T\u00fcrkiye\u2019nin her b\u00f6lgesinde do\u011fan\u0131n bir yans\u0131mas\u0131n\u0131 bulmak m\u00fcmk\u00fcn. Evinizde b\u00fcy\u00fck yaprakl\u0131 bitkiler (\u00f6rne\u011fin, monstera veya kau\u00e7uk a\u011fac\u0131) kullanarak hem hava kalitesini art\u0131rabilir hem de \u015f\u0131k bir g\u00f6r\u00fcn\u00fcm elde edebilirsiniz. Bitkileri, pirin\u00e7 veya seramik saks\u0131larla kombinleyerek zarif bir dokunu\u015f kat\u0131n.<\/p>\n\n\n\n<figure class=\"wp-block-embed is-type-video is-provider-youtube wp-block-embed-youtube wp-embed-aspect-16-9 wp-has-aspect-ratio\"><div class=\"wp-block-embed__wrapper\">\n<iframe title=\"Relaxing Plant Tour 2023 | my entire houseplant collection\" width=\"1170\" height=\"658\" src=\"https:\/\/www.youtube.com\/embed\/gLciG7la7cg?feature=oembed\" frameborder=\"0\" allow=\"accelerometer; autoplay; clipboard-write; encrypted-media; gyroscope; picture-in-picture; web-share\" referrerpolicy=\"strict-origin-when-cross-origin\" allowfullscreen><\/iframe>\n<\/div><\/figure>\n\n\n\n<p><strong>4. Modern ve L\u00fcks: Metalik Dokunu\u015flar<\/strong><\/p>\n\n\n\n<p>Alt\u0131n, g\u00fcm\u00fc\u015f veya bak\u0131r tonlar\u0131nda aksesuarlar, eve sofistike bir hava katar. \u00d6rne\u011fin, bir ayna \u00e7er\u00e7evesinde veya lambaderde kullan\u0131lan metalik detaylar, sade bir oday\u0131 an\u0131nda l\u00fcks bir mek\u00e2na d\u00f6n\u00fc\u015ft\u00fcrebilir. T\u00fcrkiye\u2019de \u00fcretilen el yap\u0131m\u0131 metal objeler bu tarz i\u00e7in harika bir se\u00e7enek.<\/p>\n\n\n\n<figure class=\"wp-block-embed is-type-video is-provider-youtube wp-block-embed-youtube wp-embed-aspect-16-9 wp-has-aspect-ratio\"><div class=\"wp-block-embed__wrapper\">\n<iframe title=\"ELEGANT Interior Design | Our Top 10 Timeless Decorating Tips\" width=\"1170\" height=\"658\" src=\"https:\/\/www.youtube.com\/embed\/SZU4Nf-xFr8?feature=oembed\" frameborder=\"0\" allow=\"accelerometer; autoplay; clipboard-write; encrypted-media; gyroscope; picture-in-picture; web-share\" referrerpolicy=\"strict-origin-when-cross-origin\" allowfullscreen><\/iframe>\n<\/div><\/figure>\n\n\n\n<p><strong>5. Rahatl\u0131k ve \u015e\u0131kl\u0131k: Kadife ve Yumu\u015fak Dokular<\/strong><\/p>\n\n\n\n<p>Kadife koltuklar veya perdeler, hem konfor hem de zarafet sunar. Bordo, z\u00fcmr\u00fct ye\u015fili veya lacivert gibi derin tonlar, T\u00fcrkiye\u2019deki evlerin s\u0131cak atmosferine \u00e7ok yak\u0131\u015f\u0131r. \u00dczerine birka\u00e7 pel\u00fc\u015f yast\u0131k ekleyerek bu alan\u0131 daha davetk\u00e2r hale getirebilirsiniz.<\/p>\n\n\n\n<figure class=\"wp-block-embed is-type-video is-provider-youtube wp-block-embed-youtube wp-embed-aspect-16-9 wp-has-aspect-ratio\"><div class=\"wp-block-embed__wrapper\">\n<iframe title=\"The Ultimate Guide to Rustic-Modern Interior Design with Stylish Furniture, Decorative Element Ideas\" width=\"1170\" height=\"658\" src=\"https:\/\/www.youtube.com\/embed\/4KaSELttUak?feature=oembed\" frameborder=\"0\" allow=\"accelerometer; autoplay; clipboard-write; encrypted-media; gyroscope; picture-in-picture; web-share\" referrerpolicy=\"strict-origin-when-cross-origin\" allowfullscreen><\/iframe>\n<\/div><\/figure>\n\n\n\n<p>\u015e\u0131k bir ev, sadece g\u00f6rsellik de\u011fil, ayn\u0131 zamanda sizin hikayenizi yans\u0131tan bir alan olmal\u0131. Yukar\u0131daki \u00f6nerilerle, T\u00fcrkiye\u2019nin e\u015fsiz dokusunu modern bir anlay\u0131\u015fla harmanlayarak kendinize ilham verici bir ya\u015fam alan\u0131 yaratabilirsiniz. Foto\u011fraflar ve videolar\u0131 bu fikirleri hayata ge\u00e7irirken size ilham olsun diye se\u00e7tik. \u015eimdi s\u0131ra sizde&#8230; Hangi tarz size daha yak\u0131n?<\/p>\n","protected":false},"excerpt":{"rendered":"<p>T\u00fcrkiye, zengin k\u00fclt\u00fcrel miras\u0131 ve e\u015fsiz co\u011frafi konumuyla hem modern hem de geleneksel ya\u015fam alanlar\u0131na ilham veren bir \u00fclke. \u015e\u0131k bir evde ya\u015famak, sadece estetik bir tercih de\u011fil, ayn\u0131 zamanda ruhu besleyen bir ya\u015fam tarz\u0131d\u0131r. Bu yaz\u0131da, evinizi hem g\u00f6z al\u0131c\u0131 hem de i\u015flevsel hale getirecek stil \u00f6nerilerini payla\u015faca\u011f\u0131z. \u0130\u015fte \u00f6rnekleriyle ilham alabilece\u011finiz \u00f6nerilerimiz&#8230;. 1. [&hellip;]<\/p>\n","protected":false},"author":2,"featured_media":0,"parent":0,"menu_order":0,"comment_status":"closed","ping_status":"closed","template":"","meta":{"footnotes":""},"class_list":["post-4555","page","type-page","status-publish","hentry"],"_links":{"self":[{"href":"https:\/\/trglobalestate.com\/index.php\/wp-json\/wp\/v2\/pages\/4555","targetHints":{"allow":["GET"]}}],"collection":[{"href":"https:\/\/trglobalestate.com\/index.php\/wp-json\/wp\/v2\/pages"}],"about":[{"href":"https:\/\/trglobalestate.com\/index.php\/wp-json\/wp\/v2\/types\/page"}],"author":[{"embeddable":true,"href":"https:\/\/trglobalestate.com\/index.php\/wp-json\/wp\/v2\/users\/2"}],"replies":[{"embeddable":true,"href":"https:\/\/trglobalestate.com\/index.php\/wp-json\/wp\/v2\/comments?post=4555"}],"version-history":[{"count":3,"href":"https:\/\/trglobalestate.com\/index.php\/wp-json\/wp\/v2\/pages\/4555\/revisions"}],"predecessor-version":[{"id":4564,"href":"https:\/\/trglobalestate.com\/index.php\/wp-json\/wp\/v2\/pages\/4555\/revisions\/4564"}],"wp:attachment":[{"href":"https:\/\/trglobalestate.com\/index.php\/wp-json\/wp\/v2\/media?parent=4555"}],"curies":[{"name":"wp","href":"https:\/\/api.w.org\/{rel}","templated":true}]}}